{"id":550,"date":"2025-03-06T14:06:50","date_gmt":"2025-03-06T14:06:50","guid":{"rendered":"https:\/\/new.aquaproiect.ro\/?page_id=550"},"modified":"2025-04-08T14:08:11","modified_gmt":"2025-04-08T14:08:11","slug":"careers","status":"publish","type":"page","link":"https:\/\/new.aquaproiect.ro\/en\/careers\/","title":{"rendered":"Careers"},"content":{"rendered":"<div id=\"tdi_1\" class=\"tdc-zone\"><div class=\"tdc_zone tdi_2  wpb_row td-pb-row\"  >\n<style scoped>\n\/* custom css - generated by TagDiv Composer *\/\n\n\/* custom css - generated by TagDiv Composer *\/\n.tdi_2{\r\n                    min-height: 0;\r\n                }\n<\/style><div id=\"tdi_3\" class=\"tdc-row stretch_row_1400 td-stretch-content\"><div class=\"vc_row tdi_4  wpb_row td-pb-row\" >\n<style scoped>\n\/* custom css - generated by TagDiv Composer *\/\n\n\/* custom css - generated by TagDiv Composer *\/\n.tdi_4,\r\n                .tdi_4 .tdc-columns{\r\n                    min-height: 0;\r\n                }.tdi_4,\r\n\t\t\t\t.tdi_4 .tdc-columns{\r\n\t\t\t\t    display: block;\r\n\t\t\t\t}.tdi_4 .tdc-columns{\r\n\t\t\t\t    width: 100%;\r\n\t\t\t\t}.tdi_4:before,\r\n\t\t\t\t.tdi_4:after{\r\n\t\t\t\t    display: table;\r\n\t\t\t\t}\n\/* inline tdc_css att - generated by TagDiv Composer *\/\n\n.tdi_4{\npadding-top:30px !important;\n}\n\n.tdi_4 .td_block_wrap{ text-align:left }\n\n<\/style><div class=\"vc_column tdi_6  wpb_column vc_column_container tdc-column td-pb-span12\">\n<style scoped>\n\/* custom css - generated by TagDiv Composer *\/\n\n\/* custom css - generated by TagDiv Composer *\/\n.tdi_6{\r\n                    vertical-align: baseline;\r\n                }.tdi_6 > .wpb_wrapper,\r\n\t\t\t\t.tdi_6 > .wpb_wrapper > .tdc-elements{\r\n\t\t\t\t    display: block;\r\n\t\t\t\t}.tdi_6 > .wpb_wrapper > .tdc-elements{\r\n\t\t\t\t    width: 100%;\r\n\t\t\t\t}.tdi_6 > .wpb_wrapper > .vc_row_inner{\r\n\t\t\t\t    width: auto;\r\n\t\t\t\t}.tdi_6 > .wpb_wrapper{\r\n\t\t\t\t    width: auto;\r\n\t\t\t\t    height: auto;\r\n\t\t\t\t}\n<\/style><div class=\"wpb_wrapper\" ><div class=\"td_block_wrap tdb_breadcrumbs tdi_7 td-pb-border-top td_block_template_1 tdb-breadcrumbs \"  data-td-block-uid=\"tdi_7\" >\n<style>\n\/* custom css - generated by TagDiv Composer *\/\n.tdb-breadcrumbs{\r\n                  margin-bottom: 11px;\r\n                  font-family: var(--td_default_google_font_1, 'Open Sans', 'Open Sans Regular', sans-serif);\r\n                  font-size: 12px;\r\n                  color: #747474;\r\n                  line-height: 18px;\r\n                }.tdb-breadcrumbs a{\r\n                  color: #747474;\r\n                }.tdb-breadcrumbs a:hover{\r\n                  color: #000;\r\n                }.tdb-breadcrumbs .tdb-bread-sep{\r\n                  line-height: 1;\r\n                  vertical-align: middle;\r\n                }.tdb-breadcrumbs .tdb-bread-sep-svg svg{\r\n                  height: auto;\r\n                }.tdb-breadcrumbs .tdb-bread-sep-svg svg,\r\n                .tdb-breadcrumbs .tdb-bread-sep-svg svg *{\r\n                  fill: #c3c3c3;\r\n                }.single-tdb_templates.author-template .tdb_breadcrumbs{\r\n                  margin-bottom: 2px;\r\n                }.tdb_category_breadcrumbs{\r\n                  margin: 21px 0 9px;\r\n                }.search-results .tdb_breadcrumbs{\r\n                  margin-bottom: 2px;\r\n                }.tdi_7 .tdb-bread-sep{\r\n                    font-size: 8px;\r\n                \r\n                    margin: 0 5px;\r\n                }.tdi_7,\r\n\t\t\t\t.tdi_7 a{\r\n\t\t\t\t\tcolor: var(--negru);\r\n\t\t\t\t}.tdi_7 .tdb-bread-sep-svg svg,\r\n\t\t\t\t.tdi_7 .tdb-bread-sep-svg svg *{\r\n\t\t\t\t    fill: var(--negru);\r\n\t\t\t\t}.tdi_7 a:hover{\r\n\t\t\t\t\tcolor: var(--albastru);\r\n\t\t\t\t}.td-theme-wrap .tdi_7{\r\n\t\t\t\t\ttext-align: left;\r\n\t\t\t\t}.tdi_7{\r\n\t\t\t\t\tfont-family: var(--global-montserrat) !important;\r\n\t\t\t\t}\n<\/style><div class=\"tdb-block-inner td-fix-index\"><span><a title=\"\" class=\"tdb-entry-crumb\" href=\"https:\/\/new.aquaproiect.ro\/en\/\">Home<\/a><\/span><i class=\"tdb-bread-sep tdb-bred-no-url-last td-icon-right\"><\/i><span class=\"tdb-bred-no-url-last\">Sample Page<\/span><\/div><\/div><script type=\"application\/ld+json\">\r\n                        {\r\n                            \"@context\": \"https:\/\/schema.org\",\r\n                            \"@type\": \"BreadcrumbList\",\r\n                            \"itemListElement\": [{\r\n                            \"@type\": \"ListItem\",\r\n                            \"position\": 1,\r\n                                \"item\": {\r\n                                \"@type\": \"WebSite\",\r\n                                \"@id\": \"https:\/\/new.aquaproiect.ro\/en\/\/\",\r\n                                \"name\": \"Home\"                                               \r\n                            }\r\n                        },{\r\n                            \"@type\": \"ListItem\",\r\n                            \"position\": 2,\r\n                                \"item\": {\r\n                                \"@type\": \"WebPage\",\r\n                                \"@id\": \"\",\r\n                                \"name\": \"Sample Page\"\r\n                            }\r\n                        }    ]\r\n                        }\r\n                       <\/script><\/div><\/div><\/div><\/div><div id=\"tdi_8\" class=\"tdc-row stretch_row_1400 td-stretch-content\"><div class=\"vc_row tdi_9  wpb_row td-pb-row\" >\n<style scoped>\n\/* custom css - generated by TagDiv Composer *\/\n\n\/* custom css - generated by TagDiv Composer *\/\n.tdi_9,\r\n                .tdi_9 .tdc-columns{\r\n                    min-height: 0;\r\n                }.tdi_9,\r\n\t\t\t\t.tdi_9 .tdc-columns{\r\n\t\t\t\t    display: block;\r\n\t\t\t\t}.tdi_9 .tdc-columns{\r\n\t\t\t\t    width: 100%;\r\n\t\t\t\t}.tdi_9:before,\r\n\t\t\t\t.tdi_9:after{\r\n\t\t\t\t    display: table;\r\n\t\t\t\t}\n\/* inline tdc_css att - generated by TagDiv Composer *\/\n\n.tdi_9{\nmargin-bottom:20px !important;\n}\n\n.tdi_9 .td_block_wrap{ text-align:left }\n\n<\/style><div class=\"vc_column tdi_11  wpb_column vc_column_container tdc-column td-pb-span12\">\n<style scoped>\n\/* custom css - generated by TagDiv Composer *\/\n\n\/* custom css - generated by TagDiv Composer *\/\n.tdi_11{\r\n                    vertical-align: baseline;\r\n                }.tdi_11 > .wpb_wrapper,\r\n\t\t\t\t.tdi_11 > .wpb_wrapper > .tdc-elements{\r\n\t\t\t\t    display: block;\r\n\t\t\t\t}.tdi_11 > .wpb_wrapper > .tdc-elements{\r\n\t\t\t\t    width: 100%;\r\n\t\t\t\t}.tdi_11 > .wpb_wrapper > .vc_row_inner{\r\n\t\t\t\t    width: auto;\r\n\t\t\t\t}.tdi_11 > .wpb_wrapper{\r\n\t\t\t\t    width: auto;\r\n\t\t\t\t    height: auto;\r\n\t\t\t\t}\n<\/style><div class=\"wpb_wrapper\" ><h1 class=\"td_block_wrap tdm_block_column_title_simplified tdi_12 td-pb-border-top td_block_template_1 tds-title-simplified tds-title-simplified-1 tdi_13 tdm-title tdm-title-md\"  data-td-block-uid=\"tdi_12\" >\n<style>\n\/* custom css - generated by TagDiv Composer *\/\n.tds-title-simplified{\r\n\t\t\t\t\tmargin: 0;\r\n\t\t\t\t\ttransform: translateZ(0);\r\n\t\t\t\t}.tds-title-simplified > .td-element-style{\r\n\t\t\t\t\tz-index: -1;\r\n\t\t\t\t}body .tdi_13{\r\n\t\t\t\t\ttext-align: left;\r\n\t\t\t\t\r\n\t\t\t\t\tcolor: var(--albastru);\r\n\t\t\t\t}.tdi_13{\r\n\t\t\t\t\tfont-family: var(--global-montserrat) !important;font-size:40px !important;\r\n\t\t\t\t}\n<\/style>Cariere<\/h1><\/div><\/div><\/div><\/div><div id=\"tdi_14\" class=\"tdc-row stretch_row_1400 td-stretch-content\"><div class=\"vc_row tdi_15  wpb_row td-pb-row\" >\n<style scoped>\n\/* custom css - generated by TagDiv Composer *\/\n\n\/* custom css - generated by TagDiv Composer *\/\n.tdi_15,\r\n                .tdi_15 .tdc-columns{\r\n                    min-height: 0;\r\n                }.tdi_15,\r\n\t\t\t\t.tdi_15 .tdc-columns{\r\n\t\t\t\t    display: block;\r\n\t\t\t\t}.tdi_15 .tdc-columns{\r\n\t\t\t\t    width: 100%;\r\n\t\t\t\t}.tdi_15:before,\r\n\t\t\t\t.tdi_15:after{\r\n\t\t\t\t    display: table;\r\n\t\t\t\t}\n\/* inline tdc_css att - generated by TagDiv Composer *\/\n\n.tdi_15{\nmargin-top:50px !important;\nmargin-bottom:20px !important;\n}\n\n.tdi_15 .td_block_wrap{ text-align:left }\n\n<\/style><div class=\"vc_column tdi_17  wpb_column vc_column_container tdc-column td-pb-span12\">\n<style scoped>\n\/* custom css - generated by TagDiv Composer *\/\n\n\/* custom css - generated by TagDiv Composer *\/\n.tdi_17{\r\n                    vertical-align: baseline;\r\n                }.tdi_17 > .wpb_wrapper,\r\n\t\t\t\t.tdi_17 > .wpb_wrapper > .tdc-elements{\r\n\t\t\t\t    display: block;\r\n\t\t\t\t}.tdi_17 > .wpb_wrapper > .tdc-elements{\r\n\t\t\t\t    width: 100%;\r\n\t\t\t\t}.tdi_17 > .wpb_wrapper > .vc_row_inner{\r\n\t\t\t\t    width: auto;\r\n\t\t\t\t}.tdi_17 > .wpb_wrapper{\r\n\t\t\t\t    width: auto;\r\n\t\t\t\t    height: auto;\r\n\t\t\t\t}\n<\/style><div class=\"wpb_wrapper\" ><h2 class=\"td_block_wrap tdm_block_column_title_simplified tdi_18 td-pb-border-top td_block_template_1 tds-title-simplified tds-title-simplified-1 tdi_19 tdm-title tdm-title-md\"  data-td-block-uid=\"tdi_18\" >\n<style>\n\/* custom css - generated by TagDiv Composer *\/\nbody .tdi_19{\r\n\t\t\t\t\ttext-align: left;\r\n\t\t\t\t\r\n\t\t\t\t\tcolor: var(--verde);\r\n\t\t\t\t}.tdi_19{\r\n\t\t\t\t\tfont-family: var(--global-montserrat) !important;font-size:40px !important;\r\n\t\t\t\t}\n<\/style>Ce \u00eenseamn\u0103 o carier\u0103 \u00een cadrul AQUAPROIECT?<\/h2><\/div><\/div><\/div><\/div><div id=\"tdi_20\" class=\"tdc-row stretch_row_1400 td-stretch-content\"><div class=\"vc_row tdi_21  wpb_row td-pb-row\" >\n<style scoped>\n\/* custom css - generated by TagDiv Composer *\/\n\n\/* custom css - generated by TagDiv Composer *\/\n.tdi_21,\r\n                .tdi_21 .tdc-columns{\r\n                    min-height: 0;\r\n                }.tdi_21,\r\n\t\t\t\t.tdi_21 .tdc-columns{\r\n\t\t\t\t    display: block;\r\n\t\t\t\t}.tdi_21 .tdc-columns{\r\n\t\t\t\t    width: 100%;\r\n\t\t\t\t}.tdi_21:before,\r\n\t\t\t\t.tdi_21:after{\r\n\t\t\t\t    display: table;\r\n\t\t\t\t}\n\/* inline tdc_css att - generated by TagDiv Composer *\/\n\n.tdi_21{\nmargin-bottom:50px !important;\n}\n\n.tdi_21 .td_block_wrap{ text-align:left }\n\n<\/style><div class=\"vc_column tdi_23  wpb_column vc_column_container tdc-column td-pb-span12\">\n<style scoped>\n\/* custom css - generated by TagDiv Composer *\/\n\n\/* custom css - generated by TagDiv Composer *\/\n.tdi_23{\r\n                    vertical-align: baseline;\r\n                }.tdi_23 > .wpb_wrapper,\r\n\t\t\t\t.tdi_23 > .wpb_wrapper > .tdc-elements{\r\n\t\t\t\t    display: block;\r\n\t\t\t\t}.tdi_23 > .wpb_wrapper > .tdc-elements{\r\n\t\t\t\t    width: 100%;\r\n\t\t\t\t}.tdi_23 > .wpb_wrapper > .vc_row_inner{\r\n\t\t\t\t    width: auto;\r\n\t\t\t\t}.tdi_23 > .wpb_wrapper{\r\n\t\t\t\t    width: auto;\r\n\t\t\t\t    height: auto;\r\n\t\t\t\t}\n<\/style><div class=\"wpb_wrapper\" ><div class=\"td_block_wrap tdm_block_inline_text_simplified tdi_24 tdm-descr td-pb-border-top td_block_template_1\"  data-td-block-uid=\"tdi_24\" >\n<style>\n\n\/* inline tdc_css att - generated by TagDiv Composer *\/\n\n.tdi_24{\nmargin-bottom:20px !important;\n}\n\n<\/style>\n<style>\n\/* custom css - generated by TagDiv Composer *\/\n.tdm_block_inline_text_simplified{\r\n                  margin-bottom: 0;\r\n                  vertical-align: top;\r\n                  transform: translateZ(0);\r\n                }.tdm_block_inline_text_simplified .td-element-style{\r\n                    z-index: -1;\r\n                }.tdi_24{\r\n                    display: inline-block;\r\n                \r\n                    text-align: left !important;\r\n                \r\n                    color: var(--negru);\r\n                \r\n\t\t\t\t\tfont-family: var(--global-montserrat) !important;\r\n\t\t\t\t}\n<\/style>Pe scurt: profesionalism, dezvoltare, siguran\u021b\u0103, stabilitate \u0219i responsabilitate.\n<\/div><div class=\"tdm_block td_block_wrap tdm_block_list tdi_25 td-pb-border-top td_block_template_1 tdm-list-with-icons\"  data-td-block-uid=\"tdi_25\" >\n<style>\n\/* custom css - generated by TagDiv Composer *\/\n.tdm_block_list .tdm-list-items{\r\n\t\t\t\t    display: flex;\r\n\t\t\t\t    flex-wrap: wrap;\r\n                    margin: 0;\r\n                    font-family: var(--td_default_google_font_1, 'Open Sans', 'Open Sans Regular', sans-serif);\r\n                    font-size: 15px;\r\n                    line-height: 24px;\r\n                    color: #666;\r\n                }.tdm_block_list.tdm-content-horiz-center .tdm-list-items{\r\n                    align-items: center;\r\n                }.tdm_block_list.tdm-content-horiz-right .tdm-list-items{\r\n                    align-items: flex-end;\r\n                }.tdm_block_list .tdm-list-item{\r\n                    margin-bottom: 8px;\r\n                    margin-left: 0;\r\n                }.tdm_block_list .tdm-list-item:after{\r\n                    content: '';\r\n                    display: table;\r\n                    clear: both;\r\n                }.tdm_block_list .tdm-list-item .tdm-list-icon{\r\n                    vertical-align: middle;\r\n                }.tdm_block_list .tdm-list-item i{\r\n                    position: relative;\r\n                    float: left;\r\n                    line-height: inherit;\r\n                    vertical-align: middle;\r\n                    color: var(--td_theme_color, #4db2ec);\r\n                }.tdm_block_list .tdm-list-item .tdm-list-icon-svg{\r\n                    margin-top: -3px;\r\n                    display: inline-flex;\r\n                    align-items: center;\r\n                    justify-content: center;\r\n                }.tdm_block_list .tdm-list-item svg{\r\n                    width: 15px;\r\n                    height: auto;\r\n                }.tdm_block_list .tdm-list-item svg,\r\n                .tdm_block_list .tdm-list-item svg *{\r\n                    fill: var(--td_theme_color, #4db2ec);\r\n                }.tdm_block_list.tdm-list-with-icons .tdm-list-item{\r\n                    list-style-type: none;\r\n                }.tdi_25 .tdm-list-item{\r\n                    width: 100%;\r\n                \r\n                    margin-bottom: 8px;\r\n                \r\n\t\t\t\t\tfont-family: var(--global-montserrat) !important;\r\n\t\t\t\t}.tdi_25 .tdm-list-item:nth-last-child(-n+1){\r\n                    margin-bottom: 0;\r\n                }.tdi_25{\r\n                    text-align: left;\r\n                }.tdi_25 .tdm-list-item i{\r\n\t\t\t\t    color: var(--verde);\r\n\t\t\t\t}.tdi_25 .tdm-list-item svg,\r\n\t\t\t\t.tdi_25 .tdm-list-item svg *{\r\n\t\t\t\t    fill: var(--verde);\r\n\t\t\t\t}.tdi_25 .tdm-list-item .tdm-list-icon{\r\n\t\t\t\t    margin-right: 11px;\r\n\t\t\t\t}\n\n\/* landscape *\/\n@media (min-width: 1019px) and (max-width: 1140px){\n.tdi_25 .tdm-list-item{\r\n                    margin-bottom: 8px !important;\r\n                \r\n                    margin-bottom: 8px;\r\n                }.tdi_25 .tdm-list-item:nth-last-child(-n+1){\r\n                    margin-bottom: 0 !important;\r\n                }\n}\n\n\/* portrait *\/\n@media (min-width: 768px) and (max-width: 1018px){\n.tdi_25 .tdm-list-item{\r\n                    margin-bottom: 8px !important;\r\n                \r\n                    margin-bottom: 8px;\r\n                }.tdi_25 .tdm-list-item:nth-last-child(-n+1){\r\n                    margin-bottom: 0 !important;\r\n                }\n}\n\n\/* phone *\/\n@media (max-width: 767px){\n.tdi_25 .tdm-list-item{\r\n                    margin-bottom: 8px !important;\r\n                \r\n                    margin-bottom: 8px;\r\n                }.tdi_25 .tdm-list-item:nth-last-child(-n+1){\r\n                    margin-bottom: 0 !important;\r\n                }\n}\n<\/style><div class=\"tdm-col td-fix-index\"><ul class=\"tdm-list-items\"><li class=\"tdm-list-item\"><i class=\"tdm-list-icon tdc-font-fa tdc-font-fa-check\"><\/i><span class=\"tdm-list-text\">Asigur\u0103m formarea \u0219i \u00eencuraj\u0103m dezvoltarea profesional\u0103 a tuturor membrilor echipei noastre, prin participarea mixt\u0103 la proiectele pe care le realiz\u0103m, prin participarea la cursuri, conferin\u021be, seminarii \u0219i workshopuri organizate at\u00e2t intern \u00een cadrul companiei, c\u00e2t \u0219i extern, de ter\u021be p\u0103r\u021bi din domeniu.<\/span><\/li><li class=\"tdm-list-item\"><i class=\"tdm-list-icon tdc-font-fa tdc-font-fa-check\"><\/i><span class=\"tdm-list-text\">Oferim un cadru de lucru stabil, unde angaja\u021bii \u0219i colaboratorii no\u0219tri s\u0103 poat\u0103 activa \u00een mod c\u00e2t mai performant.<\/span><\/li><li class=\"tdm-list-item\"><i class=\"tdm-list-icon tdc-font-fa tdc-font-fa-check\"><\/i><span class=\"tdm-list-text\">Ne adaptam mereu contextului economic plin de provocari pentru a oferi echipei noastre stabilitate si siguranta pe plan financiar.<\/span><\/li><li class=\"tdm-list-item\"><i class=\"tdm-list-icon tdc-font-fa tdc-font-fa-check\"><\/i><span class=\"tdm-list-text\">Asigur\u0103m condi\u021biile de lucru \u00een birouri echipate modern, utilizand software dedicate domeniului, cu instrumente de actualitate.<\/span><\/li><\/ul><\/div><\/div><\/div><\/div><\/div><\/div><div id=\"tdi_26\" class=\"tdc-row stretch_row_1400 td-stretch-content\"><div class=\"vc_row tdi_27  wpb_row td-pb-row\" >\n<style scoped>\n\/* custom css - generated by TagDiv Composer *\/\n\n\/* custom css - generated by TagDiv Composer *\/\n.tdi_27,\r\n                .tdi_27 .tdc-columns{\r\n                    min-height: 0;\r\n                }.tdi_27,\r\n\t\t\t\t.tdi_27 .tdc-columns{\r\n\t\t\t\t    display: block;\r\n\t\t\t\t}.tdi_27 .tdc-columns{\r\n\t\t\t\t    width: 100%;\r\n\t\t\t\t}.tdi_27:before,\r\n\t\t\t\t.tdi_27:after{\r\n\t\t\t\t    display: table;\r\n\t\t\t\t}\n\/* inline tdc_css att - generated by TagDiv Composer *\/\n\n.tdi_27{\nmargin-bottom:20px !important;\n}\n\n.tdi_27 .td_block_wrap{ text-align:left }\n\n<\/style><div class=\"vc_column tdi_29  wpb_column vc_column_container tdc-column td-pb-span12\">\n<style scoped>\n\/* custom css - generated by TagDiv Composer *\/\n\n\/* custom css - generated by TagDiv Composer *\/\n.tdi_29{\r\n                    vertical-align: baseline;\r\n                }.tdi_29 > .wpb_wrapper,\r\n\t\t\t\t.tdi_29 > .wpb_wrapper > .tdc-elements{\r\n\t\t\t\t    display: block;\r\n\t\t\t\t}.tdi_29 > .wpb_wrapper > .tdc-elements{\r\n\t\t\t\t    width: 100%;\r\n\t\t\t\t}.tdi_29 > .wpb_wrapper > .vc_row_inner{\r\n\t\t\t\t    width: auto;\r\n\t\t\t\t}.tdi_29 > .wpb_wrapper{\r\n\t\t\t\t    width: auto;\r\n\t\t\t\t    height: auto;\r\n\t\t\t\t}\n<\/style><div class=\"wpb_wrapper\" ><h2 class=\"td_block_wrap tdm_block_column_title_simplified tdi_30 td-pb-border-top td_block_template_1 tds-title-simplified tds-title-simplified-1 tdi_31 tdm-title tdm-title-md\"  data-td-block-uid=\"tdi_30\" >\n<style>\n\/* custom css - generated by TagDiv Composer *\/\nbody .tdi_31{\r\n\t\t\t\t\ttext-align: left;\r\n\t\t\t\t\r\n\t\t\t\t\tcolor: var(--verde);\r\n\t\t\t\t}.tdi_31{\r\n\t\t\t\t\tfont-family: var(--global-montserrat) !important;font-size:40px !important;line-height:1 !important;\r\n\t\t\t\t}\n<\/style>Continu\u0103m s\u0103 facem din Aquaproiect un loc de munc\u0103 motiva\u021bional, unde valorile respect, mentorat, inova\u021bie \u0219i \u201ea face o diferen\u021b\u0103\u201d \u00ee\u021bi vor ghida cariera.<\/h2><\/div><\/div><\/div><\/div><div id=\"tdi_32\" class=\"tdc-row stretch_row_1400 td-stretch-content\"><div class=\"vc_row tdi_33  wpb_row td-pb-row\" >\n<style scoped>\n\/* custom css - generated by TagDiv Composer *\/\n\n\/* custom css - generated by TagDiv Composer *\/\n.tdi_33,\r\n                .tdi_33 .tdc-columns{\r\n                    min-height: 0;\r\n                }.tdi_33,\r\n\t\t\t\t.tdi_33 .tdc-columns{\r\n\t\t\t\t    display: block;\r\n\t\t\t\t}.tdi_33 .tdc-columns{\r\n\t\t\t\t    width: 100%;\r\n\t\t\t\t}.tdi_33:before,\r\n\t\t\t\t.tdi_33:after{\r\n\t\t\t\t    display: table;\r\n\t\t\t\t}\n<\/style><div class=\"vc_column tdi_35  wpb_column vc_column_container tdc-column td-pb-span12\">\n<style scoped>\n\/* custom css - generated by TagDiv Composer *\/\n\n\/* custom css - generated by TagDiv Composer *\/\n.tdi_35{\r\n                    vertical-align: baseline;\r\n                }.tdi_35 > .wpb_wrapper,\r\n\t\t\t\t.tdi_35 > .wpb_wrapper > .tdc-elements{\r\n\t\t\t\t    display: block;\r\n\t\t\t\t}.tdi_35 > .wpb_wrapper > .tdc-elements{\r\n\t\t\t\t    width: 100%;\r\n\t\t\t\t}.tdi_35 > .wpb_wrapper > .vc_row_inner{\r\n\t\t\t\t    width: auto;\r\n\t\t\t\t}.tdi_35 > .wpb_wrapper{\r\n\t\t\t\t    width: auto;\r\n\t\t\t\t    height: auto;\r\n\t\t\t\t}\n<\/style><div class=\"wpb_wrapper\" ><div class=\"td_block_wrap tdm_block_inline_text_simplified tdi_36 tdm-descr td-pb-border-top td_block_template_1\"  data-td-block-uid=\"tdi_36\" >\n<style>\n\n\/* inline tdc_css att - generated by TagDiv Composer *\/\n\n.tdi_36{\nmargin-bottom:20px !important;\n}\n\n<\/style>\n<style>\n\/* custom css - generated by TagDiv Composer *\/\n.tdi_36{\r\n                    display: inline-block;\r\n                \r\n                    text-align: left !important;\r\n                \r\n                    color: var(--negru);\r\n                \r\n\t\t\t\t\tfont-family: var(--global-montserrat) !important;\r\n\t\t\t\t}\n<\/style>Dac\u0103 dore\u0219ti s\u0103 faci parte din echipa AQUAPROIECT, trimite-ne o scrisoare de inten\u021bie \u0219i CV-ul t\u0103u<\/div><\/div><\/div><\/div><\/div><div id=\"tdi_37\" class=\"tdc-row stretch_row_1400 td-stretch-content\"><div class=\"vc_row tdi_38  wpb_row td-pb-row\" >\n<style scoped>\n\/* custom css - generated by TagDiv Composer *\/\n\n\/* custom css - generated by TagDiv Composer *\/\n.tdi_38,\r\n                .tdi_38 .tdc-columns{\r\n                    min-height: 0;\r\n                }.tdi_38,\r\n\t\t\t\t.tdi_38 .tdc-columns{\r\n\t\t\t\t    display: block;\r\n\t\t\t\t}.tdi_38 .tdc-columns{\r\n\t\t\t\t    width: 100%;\r\n\t\t\t\t}.tdi_38:before,\r\n\t\t\t\t.tdi_38:after{\r\n\t\t\t\t    display: table;\r\n\t\t\t\t}\n\/* inline tdc_css att - generated by TagDiv Composer *\/\n\n.tdi_38{\nmargin-bottom:50px !important;\n}\n\n.tdi_38 .td_block_wrap{ text-align:left }\n\n<\/style><div class=\"vc_column tdi_40  wpb_column vc_column_container tdc-column td-pb-span12\">\n<style scoped>\n\/* custom css - generated by TagDiv Composer *\/\n\n\/* custom css - generated by TagDiv Composer *\/\n.tdi_40{\r\n                    vertical-align: baseline;\r\n                }.tdi_40 > .wpb_wrapper,\r\n\t\t\t\t.tdi_40 > .wpb_wrapper > .tdc-elements{\r\n\t\t\t\t    display: block;\r\n\t\t\t\t}.tdi_40 > .wpb_wrapper > .tdc-elements{\r\n\t\t\t\t    width: 100%;\r\n\t\t\t\t}.tdi_40 > .wpb_wrapper > .vc_row_inner{\r\n\t\t\t\t    width: auto;\r\n\t\t\t\t}.tdi_40 > .wpb_wrapper{\r\n\t\t\t\t    width: auto;\r\n\t\t\t\t    height: auto;\r\n\t\t\t\t}\n<\/style><div class=\"wpb_wrapper\" ><\/div><\/div><\/div><\/div><\/div><\/div>","protected":false},"excerpt":{"rendered":"","protected":false},"author":1,"featured_media":0,"parent":0,"menu_order":0,"comment_status":"closed","ping_status":"closed","template":"","meta":{"footnotes":""},"class_list":["post-550","page","type-page","status-publish"],"_links":{"self":[{"href":"https:\/\/new.aquaproiect.ro\/en\/wp-json\/wp\/v2\/pages\/550","targetHints":{"allow":["GET"]}}],"collection":[{"href":"https:\/\/new.aquaproiect.ro\/en\/wp-json\/wp\/v2\/pages"}],"about":[{"href":"https:\/\/new.aquaproiect.ro\/en\/wp-json\/wp\/v2\/types\/page"}],"author":[{"embeddable":true,"href":"https:\/\/new.aquaproiect.ro\/en\/wp-json\/wp\/v2\/users\/1"}],"replies":[{"embeddable":true,"href":"https:\/\/new.aquaproiect.ro\/en\/wp-json\/wp\/v2\/comments?post=550"}],"version-history":[{"count":1,"href":"https:\/\/new.aquaproiect.ro\/en\/wp-json\/wp\/v2\/pages\/550\/revisions"}],"predecessor-version":[{"id":551,"href":"https:\/\/new.aquaproiect.ro\/en\/wp-json\/wp\/v2\/pages\/550\/revisions\/551"}],"wp:attachment":[{"href":"https:\/\/new.aquaproiect.ro\/en\/wp-json\/wp\/v2\/media?parent=550"}],"curies":[{"name":"wp","href":"https:\/\/api.w.org\/{rel}","templated":true}]}}